{"id":8,"date":"2021-02-10T10:18:18","date_gmt":"2021-02-10T09:18:18","guid":{"rendered":"http:\/\/www.mauel-net.de\/?page_id=8"},"modified":"2023-05-09T12:14:24","modified_gmt":"2023-05-09T10:14:24","slug":"startseite","status":"publish","type":"page","link":"https:\/\/www.mauel-net.de\/","title":{"rendered":"Startseite"},"content":{"rendered":"\n<p>Herzlich willkommen auf der Internetseite der Ortsgemeinde Mauel. Ich darf Sie zu einem virtuellen Bummel durch unseren sch\u00f6nen Eifelort einladen. Gerne w\u00fcrde ich Sie auch gelegentlich pers\u00f6nlich bei uns willkommen hei\u00dfen!<\/p>\n\n\n\n<p>Walter Fuchs<br>Ortsb\u00fcrgermeister<\/p>\n\n\n\n<p><\/p>\n","protected":false},"excerpt":{"rendered":"<p>Herzlich willkommen auf der Internetseite der Ortsgemeinde Mauel. Ich darf Sie zu einem virtuellen Bummel durch unseren sch\u00f6nen Eifelort einladen. Gerne w\u00fcrde ich Sie auch gelegentlich pers\u00f6nlich bei uns willkommen hei\u00dfen! Walter FuchsOrtsb\u00fcrgermeister<\/p>\n","protected":false},"author":1,"featured_media":0,"parent":0,"menu_order":0,"comment_status":"closed","ping_status":"closed","template":"","meta":{"footnotes":""},"class_list":["post-8","page","type-page","status-publish","hentry"],"_links":{"self":[{"href":"https:\/\/www.mauel-net.de\/index.php?rest_route=\/wp\/v2\/pages\/8","targetHints":{"allow":["GET"]}}],"collection":[{"href":"https:\/\/www.mauel-net.de\/index.php?rest_route=\/wp\/v2\/pages"}],"about":[{"href":"https:\/\/www.mauel-net.de\/index.php?rest_route=\/wp\/v2\/types\/page"}],"author":[{"embeddable":true,"href":"https:\/\/www.mauel-net.de\/index.php?rest_route=\/wp\/v2\/users\/1"}],"replies":[{"embeddable":true,"href":"https:\/\/www.mauel-net.de\/index.php?rest_route=%2Fwp%2Fv2%2Fcomments&post=8"}],"version-history":[{"count":3,"href":"https:\/\/www.mauel-net.de\/index.php?rest_route=\/wp\/v2\/pages\/8\/revisions"}],"predecessor-version":[{"id":86,"href":"https:\/\/www.mauel-net.de\/index.php?rest_route=\/wp\/v2\/pages\/8\/revisions\/86"}],"wp:attachment":[{"href":"https:\/\/www.mauel-net.de\/index.php?rest_route=%2Fwp%2Fv2%2Fmedia&parent=8"}],"curies":[{"name":"wp","href":"https:\/\/api.w.org\/{rel}","templated":true}]}}